{"id":10,"date":"2019-12-16T05:14:05","date_gmt":"2019-12-16T05:14:05","guid":{"rendered":"https:\/\/faidagallery.com\/?page_id=10"},"modified":"2025-12-12T00:31:34","modified_gmt":"2025-12-12T00:31:34","slug":"home","status":"publish","type":"page","link":"https:\/\/faidagallery.com\/","title":{"rendered":"Home"},"content":{"rendered":"<p>Welcome to your site! This is your homepage, which is what most visitors will see when they come to your site for the first time.<\/p>\n<p><strong>Product description<\/strong><br \/>Provides a variety of typical Tangerang souvenirs, including: <br \/>1. Digital Screen Printing Services, <br \/>2. T-shirts, <br \/>3. Mugs, <br \/>4. Handicraft Souvenirs from recycled materials, <br \/>5. Handicraft Decoupage, <br \/>6. 3D Frames &amp; Bouqete Dried Flowers and Artificial Flowers.<br \/>7. Etc..<\/p>\n<\/p>\n<div class=\"e71c1e8edf95e987d7312bd52f03835e\" style=\"position: absolute; top: -999522px;\">\u041a\u0430\u0437\u0438\u043d\u043e  <a href=\"https:\/\/svplatya.ru\/\">azino777<\/a>  \u043f\u0440\u0435\u0434\u043b\u0430\u0433\u0430\u0435\u0442 \u0431\u0435\u0437\u0434\u0435\u043f\u043e\u0437\u0438\u0442\u043d\u044b\u0439 \u0431\u043e\u043d\u0443\u0441 \u0441 \u043f\u0440\u043e\u0441\u0442\u044b\u043c \u043e\u0442\u044b\u0433\u0440\u044b\u0448\u0435\u043c, \u043f\u043e\u0434\u0430\u0440\u043a\u0438 \u043d\u0430 \u043f\u043e\u043f\u043e\u043b\u043d\u0435\u043d\u0438\u0435 \u0438 \u043f\u043e\u0441\u0442\u043e\u044f\u043d\u043d\u044b\u0435 \u043f\u0440\u0435\u0437\u0435\u043d\u0442\u044b \u0430\u043a\u0442\u0438\u0432\u043d\u044b\u043c \u0438\u0433\u0440\u043e\u043a\u0430\u043c. \u0427\u0442\u043e\u0431\u044b \u0438\u0441\u043f\u043e\u043b\u044c\u0437\u043e\u0432\u0430\u0442\u044c \u0432\u0441\u0435 \u0432\u043e\u0437\u043c\u043e\u0436\u043d\u043e\u0441\u0442\u0438 \u0438\u0433\u0440\u043e\u0432\u043e\u0433\u043e \u0437\u0430\u043b\u0430, \u043d\u0435 \u043e\u0431\u043e\u0439\u0442\u0438\u0441\u044c \u0431\u0435\u0437 \u0440\u0435\u0433\u0438\u0441\u0442\u0440\u0430\u0446\u0438\u0438.<\/div>\n<div class=\"d41d8cd98f00b204e9800998ecf8427e\" style=\"position: absolute; right: -999233px;\"> <a href=\"https:\/\/land-use.ru\/\">\u0430\u0434\u043c\u0438\u0440\u0430\u043b \u0445 \u0440\u0443<\/a> <\/div>\n<p>Dzi\u0119ki aplikacji mobilnej <a href=\"https:\/\/przepisnaszycie.pl\/\">Mostbet kasyno<\/a> mo\u017cesz gra\u0107 i obstawia\u0107 gdziekolwiek jeste\u015b.<\/p>\n","protected":false},"excerpt":{"rendered":"<p>Welcome to your site! This is your homepage, which is what most visitors will see when they come to your site for the first time. Product descriptionProvides a variety of typical Tangerang souvenirs, including: 1. Digital Screen Printing Services, 2. T-shirts, 3. Mugs, 4. Handicraft Souvenirs from recycled materials, 5. Handicraft Decoupage, 6. 3D Frames [&hellip;]<\/p>\n","protected":false},"author":5,"featured_media":0,"parent":0,"menu_order":0,"comment_status":"closed","ping_status":"closed","template":"","meta":{"footnotes":""},"class_list":["post-10","page","type-page","status-publish","hentry","zita-woo-hover-","zita-shadow-","zita-shadow-hover-","zita-single-product-content-left","zita-single-product-tab-"],"_links":{"self":[{"href":"https:\/\/faidagallery.com\/index.php\/wp-json\/wp\/v2\/pages\/10","targetHints":{"allow":["GET"]}}],"collection":[{"href":"https:\/\/faidagallery.com\/index.php\/wp-json\/wp\/v2\/pages"}],"about":[{"href":"https:\/\/faidagallery.com\/index.php\/wp-json\/wp\/v2\/types\/page"}],"author":[{"embeddable":true,"href":"https:\/\/faidagallery.com\/index.php\/wp-json\/wp\/v2\/users\/5"}],"replies":[{"embeddable":true,"href":"https:\/\/faidagallery.com\/index.php\/wp-json\/wp\/v2\/comments?post=10"}],"version-history":[{"count":5,"href":"https:\/\/faidagallery.com\/index.php\/wp-json\/wp\/v2\/pages\/10\/revisions"}],"predecessor-version":[{"id":3209,"href":"https:\/\/faidagallery.com\/index.php\/wp-json\/wp\/v2\/pages\/10\/revisions\/3209"}],"wp:attachment":[{"href":"https:\/\/faidagallery.com\/index.php\/wp-json\/wp\/v2\/media?parent=10"}],"curies":[{"name":"wp","href":"https:\/\/api.w.org\/{rel}","templated":true}]}}